{"id":9,"date":"2023-04-05T00:10:02","date_gmt":"2023-04-05T00:10:02","guid":{"rendered":"https:\/\/itecomgps.com\/wp\/?page_id=9"},"modified":"2026-02-20T22:00:02","modified_gmt":"2026-02-20T22:00:02","slug":"porfolio","status":"publish","type":"page","link":"https:\/\/itecomgps.com\/?page_id=9","title":{"rendered":"Soluciones"},"content":{"rendered":"\t\t<div data-elementor-type=\"wp-page\" data-elementor-id=\"9\" class=\"elementor elementor-9\">\n\t\t\t\t<div class=\"elementor-element elementor-element-68cbf56 e-con-full e-flex e-con e-parent\" data-id=\"68cbf56\" data-element_type=\"container\" data-e-type=\"container\">\n\t\t\t\t<div class=\"elementor-element elementor-element-626d064 elementor-widget elementor-widget-image\" data-id=\"626d064\" data-element_type=\"widget\" data-e-type=\"widget\" data-widget_type=\"image.default\">\n\t\t\t\t<div class=\"elementor-widget-container\">\n\t\t\t\t\t\t\t\t\t\t\t\t\t\t\t<img decoding=\"async\" width=\"150\" height=\"150\" src=\"https:\/\/itecomgps.com\/wp-content\/uploads\/2023\/10\/cropped-mini-v-2-150x150.png\" class=\"attachment-thumbnail size-thumbnail wp-image-156\" alt=\"\" srcset=\"https:\/\/itecomgps.com\/wp-content\/uploads\/2023\/10\/cropped-mini-v-2-150x150.png 150w, https:\/\/itecomgps.com\/wp-content\/uploads\/2023\/10\/cropped-mini-v-2-300x300.png 300w, https:\/\/itecomgps.com\/wp-content\/uploads\/2023\/10\/cropped-mini-v-2-270x270.png 270w, https:\/\/itecomgps.com\/wp-content\/uploads\/2023\/10\/cropped-mini-v-2-192x192.png 192w, https:\/\/itecomgps.com\/wp-content\/uploads\/2023\/10\/cropped-mini-v-2-180x180.png 180w, https:\/\/itecomgps.com\/wp-content\/uploads\/2023\/10\/cropped-mini-v-2-32x32.png 32w, https:\/\/itecomgps.com\/wp-content\/uploads\/2023\/10\/cropped-mini-v-2.png 512w\" sizes=\"(max-width: 150px) 100vw, 150px\" \/>\t\t\t\t\t\t\t\t\t\t\t\t\t\t\t<\/div>\n\t\t\t\t<\/div>\n\t\t\t\t<div class=\"elementor-element elementor-element-f3bb09a elementor-widget elementor-widget-heading\" data-id=\"f3bb09a\" data-element_type=\"widget\" data-e-type=\"widget\" data-widget_type=\"heading.default\">\n\t\t\t\t<div class=\"elementor-widget-container\">\n\t\t\t\t\t<h2 class=\"elementor-heading-title elementor-size-default\">SOLUCIONES<\/h2>\t\t\t\t<\/div>\n\t\t\t\t<\/div>\n\t\t\t\t<div class=\"elementor-element elementor-element-58a08bf elementor-widget elementor-widget-heading\" data-id=\"58a08bf\" data-element_type=\"widget\" data-e-type=\"widget\" data-widget_type=\"heading.default\">\n\t\t\t\t<div class=\"elementor-widget-container\">\n\t\t\t\t\t<h2 class=\"elementor-heading-title elementor-size-default\">SOLUCIONES<\/h2>\t\t\t\t<\/div>\n\t\t\t\t<\/div>\n\t\t\t\t<\/div>\n\t\t<div class=\"elementor-element elementor-element-3956df0 e-transform e-con-full e-flex e-con e-parent\" data-id=\"3956df0\" data-element_type=\"container\" data-e-type=\"container\" data-settings=\"{&quot;_transform_scaleX_effect_hover&quot;:{&quot;unit&quot;:&quot;px&quot;,&quot;size&quot;:&quot;&quot;,&quot;sizes&quot;:[]},&quot;_transform_scaleX_effect_hover_tablet&quot;:{&quot;unit&quot;:&quot;px&quot;,&quot;size&quot;:&quot;&quot;,&quot;sizes&quot;:[]},&quot;_transform_scaleX_effect_hover_mobile&quot;:{&quot;unit&quot;:&quot;px&quot;,&quot;size&quot;:&quot;&quot;,&quot;sizes&quot;:[]},&quot;_transform_scaleY_effect_hover&quot;:{&quot;unit&quot;:&quot;px&quot;,&quot;size&quot;:&quot;&quot;,&quot;sizes&quot;:[]},&quot;_transform_scaleY_effect_hover_tablet&quot;:{&quot;unit&quot;:&quot;px&quot;,&quot;size&quot;:&quot;&quot;,&quot;sizes&quot;:[]},&quot;_transform_scaleY_effect_hover_mobile&quot;:{&quot;unit&quot;:&quot;px&quot;,&quot;size&quot;:&quot;&quot;,&quot;sizes&quot;:[]}}\">\n\t\t<div class=\"elementor-element elementor-element-ecb863f e-con-full e-flex e-con e-child\" data-id=\"ecb863f\" data-element_type=\"container\" data-e-type=\"container\">\n\t\t\t\t<div class=\"elementor-element elementor-element-932a051 e-transform elementor-position-top elementor-widget elementor-widget-image-box\" data-id=\"932a051\" data-element_type=\"widget\" data-e-type=\"widget\" data-settings=\"{&quot;_transform_scale_effect_hover&quot;:{&quot;unit&quot;:&quot;px&quot;,&quot;size&quot;:0.9,&quot;sizes&quot;:[]},&quot;_transform_scale_effect_hover_tablet&quot;:{&quot;unit&quot;:&quot;px&quot;,&quot;size&quot;:&quot;&quot;,&quot;sizes&quot;:[]},&quot;_transform_scale_effect_hover_mobile&quot;:{&quot;unit&quot;:&quot;px&quot;,&quot;size&quot;:&quot;&quot;,&quot;sizes&quot;:[]}}\" data-widget_type=\"image-box.default\">\n\t\t\t\t<div class=\"elementor-widget-container\">\n\t\t\t\t\t<div class=\"elementor-image-box-wrapper\"><figure class=\"elementor-image-box-img\"><img fetchpriority=\"high\" decoding=\"async\" width=\"512\" height=\"512\" src=\"https:\/\/itecomgps.com\/wp-content\/uploads\/2023\/07\/bluetooth.png\" class=\"attachment-full size-full wp-image-82\" alt=\"\" srcset=\"https:\/\/itecomgps.com\/wp-content\/uploads\/2023\/07\/bluetooth.png 512w, https:\/\/itecomgps.com\/wp-content\/uploads\/2023\/07\/bluetooth-300x300.png 300w, https:\/\/itecomgps.com\/wp-content\/uploads\/2023\/07\/bluetooth-150x150.png 150w\" sizes=\"(max-width: 512px) 100vw, 512px\" \/><\/figure><div class=\"elementor-image-box-content\"><h3 class=\"elementor-image-box-title\">GPS Advanced 4G Bluetooth<\/h3><p class=\"elementor-image-box-description\">El dispositivo GPS Advance es uno de los m\u00e1s avanzados por su tecnolog\u00eda de conectividad\na trav\u00e9s de Bluetooth, el cual es de alta practicidad.\n\n<\/p><\/div><\/div>\t\t\t\t<\/div>\n\t\t\t\t<\/div>\n\t\t\t\t<div class=\"elementor-element elementor-element-1055006 elementor-align-center elementor-widget elementor-widget-button\" data-id=\"1055006\" data-element_type=\"widget\" data-e-type=\"widget\" data-widget_type=\"button.default\">\n\t\t\t\t<div class=\"elementor-widget-container\">\n\t\t\t\t\t\t\t\t\t<div class=\"elementor-button-wrapper\">\n\t\t\t\t\t<a class=\"elementor-button elementor-button-link elementor-size-sm\" href=\"https:\/\/itecomgps.com\/?page_id=681\" target=\"_blank\" rel=\"nofollow\">\n\t\t\t\t\t\t<span class=\"elementor-button-content-wrapper\">\n\t\t\t\t\t\t<span class=\"elementor-button-icon\">\n\t\t\t\t<i aria-hidden=\"true\" class=\"fas fa-angle-right\"><\/i>\t\t\t<\/span>\n\t\t\t\t\t\t\t\t\t<span class=\"elementor-button-text\">CONOCE M\u00c1S <\/span>\n\t\t\t\t\t<\/span>\n\t\t\t\t\t<\/a>\n\t\t\t\t<\/div>\n\t\t\t\t\t\t\t\t<\/div>\n\t\t\t\t<\/div>\n\t\t\t\t<\/div>\n\t\t<div class=\"elementor-element elementor-element-85e5cca e-con-full e-flex e-con e-child\" data-id=\"85e5cca\" data-element_type=\"container\" data-e-type=\"container\">\n\t\t\t\t<div class=\"elementor-element elementor-element-b648851 e-transform e-transform elementor-position-top elementor-widget elementor-widget-image-box\" data-id=\"b648851\" data-element_type=\"widget\" data-e-type=\"widget\" data-settings=\"{&quot;_transform_scale_effect_hover&quot;:{&quot;unit&quot;:&quot;px&quot;,&quot;size&quot;:0.9,&quot;sizes&quot;:[]},&quot;_transform_scaleX_effect&quot;:{&quot;unit&quot;:&quot;px&quot;,&quot;size&quot;:&quot;&quot;,&quot;sizes&quot;:[]},&quot;_transform_scaleX_effect_tablet&quot;:{&quot;unit&quot;:&quot;px&quot;,&quot;size&quot;:&quot;&quot;,&quot;sizes&quot;:[]},&quot;_transform_scaleX_effect_mobile&quot;:{&quot;unit&quot;:&quot;px&quot;,&quot;size&quot;:&quot;&quot;,&quot;sizes&quot;:[]},&quot;_transform_scaleY_effect&quot;:{&quot;unit&quot;:&quot;px&quot;,&quot;size&quot;:&quot;&quot;,&quot;sizes&quot;:[]},&quot;_transform_scaleY_effect_tablet&quot;:{&quot;unit&quot;:&quot;px&quot;,&quot;size&quot;:&quot;&quot;,&quot;sizes&quot;:[]},&quot;_transform_scaleY_effect_mobile&quot;:{&quot;unit&quot;:&quot;px&quot;,&quot;size&quot;:&quot;&quot;,&quot;sizes&quot;:[]},&quot;_transform_scale_effect_hover_tablet&quot;:{&quot;unit&quot;:&quot;px&quot;,&quot;size&quot;:&quot;&quot;,&quot;sizes&quot;:[]},&quot;_transform_scale_effect_hover_mobile&quot;:{&quot;unit&quot;:&quot;px&quot;,&quot;size&quot;:&quot;&quot;,&quot;sizes&quot;:[]}}\" data-widget_type=\"image-box.default\">\n\t\t\t\t<div class=\"elementor-widget-container\">\n\t\t\t\t\t<div class=\"elementor-image-box-wrapper\"><figure class=\"elementor-image-box-img\"><a href=\"https:\/\/itecomgps.com\/?page_id=681\" tabindex=\"-1\"><img decoding=\"async\" width=\"512\" height=\"512\" src=\"https:\/\/itecomgps.com\/wp-content\/uploads\/2023\/07\/video-camera.png\" class=\"attachment-full size-full wp-image-88\" alt=\"\" srcset=\"https:\/\/itecomgps.com\/wp-content\/uploads\/2023\/07\/video-camera.png 512w, https:\/\/itecomgps.com\/wp-content\/uploads\/2023\/07\/video-camera-300x300.png 300w, https:\/\/itecomgps.com\/wp-content\/uploads\/2023\/07\/video-camera-150x150.png 150w\" sizes=\"(max-width: 512px) 100vw, 512px\" \/><\/a><\/figure><div class=\"elementor-image-box-content\"><h3 class=\"elementor-image-box-title\"><a href=\"https:\/\/itecomgps.com\/?page_id=681\">C\u00e1mara de Conducci\u00f3n<\/a><\/h3><p class=\"elementor-image-box-description\">Un dispositivo que le ayudar\u00e1 a mejorar la seguridad en el camino a trav\u00e9s de una c\u00e1mara que funciona como un asistente de correcta conducci\u00f3n.\n\n<\/p><\/div><\/div>\t\t\t\t<\/div>\n\t\t\t\t<\/div>\n\t\t\t\t<div class=\"elementor-element elementor-element-005f764 elementor-align-center elementor-widget elementor-widget-button\" data-id=\"005f764\" data-element_type=\"widget\" data-e-type=\"widget\" data-widget_type=\"button.default\">\n\t\t\t\t<div class=\"elementor-widget-container\">\n\t\t\t\t\t\t\t\t\t<div class=\"elementor-button-wrapper\">\n\t\t\t\t\t<a class=\"elementor-button elementor-button-link elementor-size-sm\" href=\"https:\/\/itecomgps.com\/?page_id=681\" target=\"_blank\" rel=\"nofollow\">\n\t\t\t\t\t\t<span class=\"elementor-button-content-wrapper\">\n\t\t\t\t\t\t<span class=\"elementor-button-icon\">\n\t\t\t\t<i aria-hidden=\"true\" class=\"fas fa-angle-right\"><\/i>\t\t\t<\/span>\n\t\t\t\t\t\t\t\t\t<span class=\"elementor-button-text\">CONOCE M\u00c1S <\/span>\n\t\t\t\t\t<\/span>\n\t\t\t\t\t<\/a>\n\t\t\t\t<\/div>\n\t\t\t\t\t\t\t\t<\/div>\n\t\t\t\t<\/div>\n\t\t\t\t<\/div>\n\t\t<div class=\"elementor-element elementor-element-fd28032 e-con-full e-flex e-con e-child\" data-id=\"fd28032\" data-element_type=\"container\" data-e-type=\"container\">\n\t\t\t\t<div class=\"elementor-element elementor-element-8a5ba99 elementor-position-top elementor-widget elementor-widget-image-box\" data-id=\"8a5ba99\" data-element_type=\"widget\" data-e-type=\"widget\" data-widget_type=\"image-box.default\">\n\t\t\t\t<div class=\"elementor-widget-container\">\n\t\t\t\t\t<div class=\"elementor-image-box-wrapper\"><figure class=\"elementor-image-box-img\"><img loading=\"lazy\" decoding=\"async\" width=\"512\" height=\"512\" src=\"https:\/\/itecomgps.com\/wp-content\/uploads\/2023\/07\/fuel.png\" class=\"attachment-full size-full wp-image-89\" alt=\"\" srcset=\"https:\/\/itecomgps.com\/wp-content\/uploads\/2023\/07\/fuel.png 512w, https:\/\/itecomgps.com\/wp-content\/uploads\/2023\/07\/fuel-300x300.png 300w, https:\/\/itecomgps.com\/wp-content\/uploads\/2023\/07\/fuel-150x150.png 150w\" sizes=\"(max-width: 512px) 100vw, 512px\" \/><\/figure><div class=\"elementor-image-box-content\"><h3 class=\"elementor-image-box-title\">Sensor de Combustible<\/h3><p class=\"elementor-image-box-description\">Un sensor que le ayudar\u00e1 a controlar el combustible de su compa\u00f1\u00eda y conocer informaci\u00f3n completa sobre el consumo del mismo.\n\n<\/p><\/div><\/div>\t\t\t\t<\/div>\n\t\t\t\t<\/div>\n\t\t\t\t<\/div>\n\t\t\t\t<\/div>\n\t\t<div class=\"elementor-element elementor-element-b8d65a1 e-flex e-con-boxed e-con e-parent\" data-id=\"b8d65a1\" data-element_type=\"container\" data-e-type=\"container\">\n\t\t\t\t\t<div class=\"e-con-inner\">\n\t\t<div class=\"elementor-element elementor-element-a8be2e9 e-con-full e-flex e-con e-child\" data-id=\"a8be2e9\" data-element_type=\"container\" data-e-type=\"container\">\n\t\t\t\t<div class=\"elementor-element elementor-element-0d17663 elementor-position-top elementor-widget elementor-widget-image-box\" data-id=\"0d17663\" data-element_type=\"widget\" data-e-type=\"widget\" data-widget_type=\"image-box.default\">\n\t\t\t\t<div class=\"elementor-widget-container\">\n\t\t\t\t\t<div class=\"elementor-image-box-wrapper\"><figure class=\"elementor-image-box-img\"><img loading=\"lazy\" decoding=\"async\" width=\"512\" height=\"512\" src=\"https:\/\/itecomgps.com\/wp-content\/uploads\/2023\/07\/temp.png\" class=\"attachment-full size-full wp-image-107\" alt=\"\" srcset=\"https:\/\/itecomgps.com\/wp-content\/uploads\/2023\/07\/temp.png 512w, https:\/\/itecomgps.com\/wp-content\/uploads\/2023\/07\/temp-300x300.png 300w, https:\/\/itecomgps.com\/wp-content\/uploads\/2023\/07\/temp-150x150.png 150w\" sizes=\"(max-width: 512px) 100vw, 512px\" \/><\/figure><div class=\"elementor-image-box-content\"><h3 class=\"elementor-image-box-title\"> Sensor de Temperatura<\/h3><p class=\"elementor-image-box-description\">La soluci\u00f3n de rastreo con temperatura le permite saber la temperatura de las unidades con caja refrigerada.<\/p><\/div><\/div>\t\t\t\t<\/div>\n\t\t\t\t<\/div>\n\t\t\t\t<\/div>\n\t\t<div class=\"elementor-element elementor-element-aae7141 e-con-full e-flex e-con e-child\" data-id=\"aae7141\" data-element_type=\"container\" data-e-type=\"container\">\n\t\t\t\t<div class=\"elementor-element elementor-element-a5406a0 elementor-position-top elementor-widget elementor-widget-image-box\" data-id=\"a5406a0\" data-element_type=\"widget\" data-e-type=\"widget\" data-widget_type=\"image-box.default\">\n\t\t\t\t<div class=\"elementor-widget-container\">\n\t\t\t\t\t<div class=\"elementor-image-box-wrapper\"><figure class=\"elementor-image-box-img\"><img loading=\"lazy\" decoding=\"async\" width=\"512\" height=\"512\" src=\"https:\/\/itecomgps.com\/wp-content\/uploads\/2023\/07\/smart-garage.png\" class=\"attachment-full size-full wp-image-96\" alt=\"\" srcset=\"https:\/\/itecomgps.com\/wp-content\/uploads\/2023\/07\/smart-garage.png 512w, https:\/\/itecomgps.com\/wp-content\/uploads\/2023\/07\/smart-garage-300x300.png 300w, https:\/\/itecomgps.com\/wp-content\/uploads\/2023\/07\/smart-garage-150x150.png 150w\" sizes=\"(max-width: 512px) 100vw, 512px\" \/><\/figure><div class=\"elementor-image-box-content\"><h3 class=\"elementor-image-box-title\"> Sensor de Apertura de Puerta<\/h3><p class=\"elementor-image-box-description\">Dispositivo con tecnolog\u00eda inal\u00e1mbrica que le ayudar\u00e1 a detectar la apertura de puertas en sus unidades.<\/p><\/div><\/div>\t\t\t\t<\/div>\n\t\t\t\t<\/div>\n\t\t\t\t<\/div>\n\t\t<div class=\"elementor-element elementor-element-b3ef497 e-con-full e-flex e-con e-child\" data-id=\"b3ef497\" data-element_type=\"container\" data-e-type=\"container\">\n\t\t\t\t<div class=\"elementor-element elementor-element-e498bbe elementor-position-top elementor-widget elementor-widget-image-box\" data-id=\"e498bbe\" data-element_type=\"widget\" data-e-type=\"widget\" data-widget_type=\"image-box.default\">\n\t\t\t\t<div class=\"elementor-widget-container\">\n\t\t\t\t\t<div class=\"elementor-image-box-wrapper\"><figure class=\"elementor-image-box-img\"><img loading=\"lazy\" decoding=\"async\" width=\"512\" height=\"512\" src=\"https:\/\/itecomgps.com\/wp-content\/uploads\/2023\/07\/satelite-1.png\" class=\"attachment-full size-full wp-image-97\" alt=\"\" srcset=\"https:\/\/itecomgps.com\/wp-content\/uploads\/2023\/07\/satelite-1.png 512w, https:\/\/itecomgps.com\/wp-content\/uploads\/2023\/07\/satelite-1-300x300.png 300w, https:\/\/itecomgps.com\/wp-content\/uploads\/2023\/07\/satelite-1-150x150.png 150w\" sizes=\"(max-width: 512px) 100vw, 512px\" \/><\/figure><div class=\"elementor-image-box-content\"><h3 class=\"elementor-image-box-title\">Advance solar 4G LTE<\/h3><p class=\"elementor-image-box-description\">Un GPS que funciona a trav\u00e9s de un panel solar, de gran tecnolog\u00eda y que adem\u00e1s integra una bater\u00eda de respaldo con gran capacidad.<\/p><\/div><\/div>\t\t\t\t<\/div>\n\t\t\t\t<\/div>\n\t\t\t\t<\/div>\n\t\t\t\t\t<\/div>\n\t\t\t\t<\/div>\n\t\t<div class=\"elementor-element elementor-element-b8db3e9 e-flex e-con-boxed e-con e-parent\" data-id=\"b8db3e9\" data-element_type=\"container\" data-e-type=\"container\">\n\t\t\t\t\t<div class=\"e-con-inner\">\n\t\t<div class=\"elementor-element elementor-element-a5d29d0 e-con-full e-flex e-con e-child\" data-id=\"a5d29d0\" data-element_type=\"container\" data-e-type=\"container\">\n\t\t\t\t<div class=\"elementor-element elementor-element-f910cbc elementor-position-top elementor-widget elementor-widget-image-box\" data-id=\"f910cbc\" data-element_type=\"widget\" data-e-type=\"widget\" data-widget_type=\"image-box.default\">\n\t\t\t\t<div class=\"elementor-widget-container\">\n\t\t\t\t\t<div class=\"elementor-image-box-wrapper\"><figure class=\"elementor-image-box-img\"><img loading=\"lazy\" decoding=\"async\" width=\"512\" height=\"512\" src=\"https:\/\/itecomgps.com\/wp-content\/uploads\/2023\/07\/truck.png\" class=\"attachment-full size-full wp-image-98\" alt=\"\" srcset=\"https:\/\/itecomgps.com\/wp-content\/uploads\/2023\/07\/truck.png 512w, https:\/\/itecomgps.com\/wp-content\/uploads\/2023\/07\/truck-300x300.png 300w, https:\/\/itecomgps.com\/wp-content\/uploads\/2023\/07\/truck-150x150.png 150w\" sizes=\"(max-width: 512px) 100vw, 512px\" \/><\/figure><div class=\"elementor-image-box-content\"><h3 class=\"elementor-image-box-title\">GPS Telem\u00e1tico<\/h3><p class=\"elementor-image-box-description\">Podr\u00e1 gestionar las unidades de su flotilla de manera personalizada a trav\u00e9s de un dispositivo GPS Telem\u00e1tico tradicional.<\/p><\/div><\/div>\t\t\t\t<\/div>\n\t\t\t\t<\/div>\n\t\t\t\t<\/div>\n\t\t<div class=\"elementor-element elementor-element-c8c81f2 e-con-full e-flex e-con e-child\" data-id=\"c8c81f2\" data-element_type=\"container\" data-e-type=\"container\">\n\t\t\t\t<div class=\"elementor-element elementor-element-b784010 elementor-position-top elementor-widget elementor-widget-image-box\" data-id=\"b784010\" data-element_type=\"widget\" data-e-type=\"widget\" data-widget_type=\"image-box.default\">\n\t\t\t\t<div class=\"elementor-widget-container\">\n\t\t\t\t\t<div class=\"elementor-image-box-wrapper\"><figure class=\"elementor-image-box-img\"><img loading=\"lazy\" decoding=\"async\" width=\"512\" height=\"512\" src=\"https:\/\/itecomgps.com\/wp-content\/uploads\/2023\/07\/satelite-2.png\" class=\"attachment-full size-full wp-image-101\" alt=\"\" srcset=\"https:\/\/itecomgps.com\/wp-content\/uploads\/2023\/07\/satelite-2.png 512w, https:\/\/itecomgps.com\/wp-content\/uploads\/2023\/07\/satelite-2-300x300.png 300w, https:\/\/itecomgps.com\/wp-content\/uploads\/2023\/07\/satelite-2-150x150.png 150w\" sizes=\"(max-width: 512px) 100vw, 512px\" \/><\/figure><div class=\"elementor-image-box-content\"><h3 class=\"elementor-image-box-title\"> Sensor de Apertura de Puerta<\/h3><p class=\"elementor-image-box-description\">Un dispositivo que le ayudar\u00e1 a mejorar la seguridad en el camino a trav\u00e9s de una c\u00e1mara que funciona como un asistente de correcta conducci\u00f3n.\n\n<\/p><\/div><\/div>\t\t\t\t<\/div>\n\t\t\t\t<\/div>\n\t\t\t\t<\/div>\n\t\t<div class=\"elementor-element elementor-element-113160d e-con-full e-flex e-con e-child\" data-id=\"113160d\" data-element_type=\"container\" data-e-type=\"container\">\n\t\t\t\t<div class=\"elementor-element elementor-element-1e47b17 elementor-position-top elementor-widget elementor-widget-image-box\" data-id=\"1e47b17\" data-element_type=\"widget\" data-e-type=\"widget\" data-widget_type=\"image-box.default\">\n\t\t\t\t<div class=\"elementor-widget-container\">\n\t\t\t\t\t<div class=\"elementor-image-box-wrapper\"><figure class=\"elementor-image-box-img\"><img loading=\"lazy\" decoding=\"async\" width=\"512\" height=\"512\" src=\"https:\/\/itecomgps.com\/wp-content\/uploads\/2023\/07\/excavator.png\" class=\"attachment-full size-full wp-image-104\" alt=\"\" srcset=\"https:\/\/itecomgps.com\/wp-content\/uploads\/2023\/07\/excavator.png 512w, https:\/\/itecomgps.com\/wp-content\/uploads\/2023\/07\/excavator-300x300.png 300w, https:\/\/itecomgps.com\/wp-content\/uploads\/2023\/07\/excavator-150x150.png 150w\" sizes=\"(max-width: 512px) 100vw, 512px\" \/><\/figure><div class=\"elementor-image-box-content\"><h3 class=\"elementor-image-box-title\">Maquinaria Pesada<\/h3><p class=\"elementor-image-box-description\">GPS dise\u00f1ado para monitorear y administrar la maquinaria pesada, mejorando la eficiencia y la seguridad en el trabajo.<\/p><\/div><\/div>\t\t\t\t<\/div>\n\t\t\t\t<\/div>\n\t\t\t\t<\/div>\n\t\t\t\t\t<\/div>\n\t\t\t\t<\/div>\n\t\t<div class=\"elementor-element elementor-element-84dbac1 e-flex e-con-boxed e-con e-parent\" data-id=\"84dbac1\" data-element_type=\"container\" data-e-type=\"container\">\n\t\t\t\t\t<div class=\"e-con-inner\">\n\t\t<div class=\"elementor-element elementor-element-acf6eb3 e-con-full e-flex e-con e-child\" data-id=\"acf6eb3\" data-element_type=\"container\" data-e-type=\"container\">\n\t\t\t\t<div class=\"elementor-element elementor-element-388b916 elementor-widget elementor-widget-image\" data-id=\"388b916\" data-element_type=\"widget\" data-e-type=\"widget\" data-widget_type=\"image.default\">\n\t\t\t\t<div class=\"elementor-widget-container\">\n\t\t\t\t\t\t\t\t\t\t\t\t\t\t\t<img loading=\"lazy\" decoding=\"async\" width=\"1024\" height=\"699\" src=\"https:\/\/itecomgps.com\/wp-content\/uploads\/2023\/10\/flotilla-utilitaria-vehiculos-1024x699.png\" class=\"elementor-animation-float attachment-large size-large wp-image-267\" alt=\"\" srcset=\"https:\/\/itecomgps.com\/wp-content\/uploads\/2023\/10\/flotilla-utilitaria-vehiculos-1024x699.png 1024w, https:\/\/itecomgps.com\/wp-content\/uploads\/2023\/10\/flotilla-utilitaria-vehiculos-300x205.png 300w, https:\/\/itecomgps.com\/wp-content\/uploads\/2023\/10\/flotilla-utilitaria-vehiculos-768x524.png 768w, https:\/\/itecomgps.com\/wp-content\/uploads\/2023\/10\/flotilla-utilitaria-vehiculos.png 1048w\" sizes=\"(max-width: 1024px) 100vw, 1024px\" \/>\t\t\t\t\t\t\t\t\t\t\t\t\t\t\t<\/div>\n\t\t\t\t<\/div>\n\t\t\t\t<\/div>\n\t\t<div class=\"elementor-element elementor-element-442580d e-con-full e-flex e-con e-child\" data-id=\"442580d\" data-element_type=\"container\" data-e-type=\"container\">\n\t\t\t\t<div class=\"elementor-element elementor-element-f8694e9 elementor-widget elementor-widget-image\" data-id=\"f8694e9\" data-element_type=\"widget\" data-e-type=\"widget\" data-widget_type=\"image.default\">\n\t\t\t\t<div class=\"elementor-widget-container\">\n\t\t\t\t\t\t\t\t\t\t\t\t\t\t\t<img loading=\"lazy\" decoding=\"async\" width=\"1024\" height=\"683\" src=\"https:\/\/itecomgps.com\/wp-content\/uploads\/2023\/07\/brian-stalter-arotxe540N4-unsplash-1024x683.jpg\" class=\"elementor-animation-float attachment-large size-large wp-image-73\" alt=\"\" srcset=\"https:\/\/itecomgps.com\/wp-content\/uploads\/2023\/07\/brian-stalter-arotxe540N4-unsplash-1024x683.jpg 1024w, https:\/\/itecomgps.com\/wp-content\/uploads\/2023\/07\/brian-stalter-arotxe540N4-unsplash-300x200.jpg 300w, https:\/\/itecomgps.com\/wp-content\/uploads\/2023\/07\/brian-stalter-arotxe540N4-unsplash-768x513.jpg 768w, https:\/\/itecomgps.com\/wp-content\/uploads\/2023\/07\/brian-stalter-arotxe540N4-unsplash-1536x1025.jpg 1536w, https:\/\/itecomgps.com\/wp-content\/uploads\/2023\/07\/brian-stalter-arotxe540N4-unsplash-2048x1367.jpg 2048w, https:\/\/itecomgps.com\/wp-content\/uploads\/2023\/07\/brian-stalter-arotxe540N4-unsplash-930x620.jpg 930w\" sizes=\"(max-width: 1024px) 100vw, 1024px\" \/>\t\t\t\t\t\t\t\t\t\t\t\t\t\t\t<\/div>\n\t\t\t\t<\/div>\n\t\t\t\t<\/div>\n\t\t\t\t\t<\/div>\n\t\t\t\t<\/div>\n\t\t\t\t<\/div>\n\t\t","protected":false},"excerpt":{"rendered":"<p>SOLUCIONES SOLUCIONES GPS Advanced 4G Bluetooth El dispositivo GPS Advance es uno de los m\u00e1s avanzados por su tecnolog\u00eda de conectividad a trav\u00e9s de Bluetooth, el cual es de alta practicidad. CONOCE M\u00c1S C\u00e1mara de Conducci\u00f3n Un dispositivo que le ayudar\u00e1 a mejorar la seguridad en el camino a trav\u00e9s de una c\u00e1mara que funciona&hellip;&nbsp;<a href=\"https:\/\/itecomgps.com\/?page_id=9\" rel=\"bookmark\">Leer m\u00e1s &raquo;<span class=\"screen-reader-text\">Soluciones<\/span><\/a><\/p>\n","protected":false},"author":1,"featured_media":0,"parent":0,"menu_order":0,"comment_status":"closed","ping_status":"closed","template":"","meta":{"neve_meta_sidebar":"","neve_meta_container":"","neve_meta_enable_content_width":"on","neve_meta_content_width":100,"neve_meta_title_alignment":"left","neve_meta_author_avatar":"","neve_post_elements_order":"","neve_meta_disable_header":"","neve_meta_disable_footer":"","neve_meta_disable_title":"on","footnotes":""},"class_list":["post-9","page","type-page","status-publish","hentry"],"_links":{"self":[{"href":"https:\/\/itecomgps.com\/index.php?rest_route=\/wp\/v2\/pages\/9","targetHints":{"allow":["GET"]}}],"collection":[{"href":"https:\/\/itecomgps.com\/index.php?rest_route=\/wp\/v2\/pages"}],"about":[{"href":"https:\/\/itecomgps.com\/index.php?rest_route=\/wp\/v2\/types\/page"}],"author":[{"embeddable":true,"href":"https:\/\/itecomgps.com\/index.php?rest_route=\/wp\/v2\/users\/1"}],"replies":[{"embeddable":true,"href":"https:\/\/itecomgps.com\/index.php?rest_route=%2Fwp%2Fv2%2Fcomments&post=9"}],"version-history":[{"count":53,"href":"https:\/\/itecomgps.com\/index.php?rest_route=\/wp\/v2\/pages\/9\/revisions"}],"predecessor-version":[{"id":774,"href":"https:\/\/itecomgps.com\/index.php?rest_route=\/wp\/v2\/pages\/9\/revisions\/774"}],"wp:attachment":[{"href":"https:\/\/itecomgps.com\/index.php?rest_route=%2Fwp%2Fv2%2Fmedia&parent=9"}],"curies":[{"name":"wp","href":"https:\/\/api.w.org\/{rel}","templated":true}]}}