{"id":7,"date":"2023-04-05T00:10:02","date_gmt":"2023-04-05T00:10:02","guid":{"rendered":"https:\/\/itecomgps.com\/wp\/?page_id=7"},"modified":"2025-10-09T18:19:00","modified_gmt":"2025-10-09T18:19:00","slug":"acerca-de","status":"publish","type":"page","link":"https:\/\/itecomgps.com\/?page_id=7","title":{"rendered":"Acerca de"},"content":{"rendered":"\n<div class=\"wp-block-cover alignfull\" style=\"min-height:400px;aspect-ratio:unset;\"><span aria-hidden=\"true\" class=\"wp-block-cover__background has-neve-link-hover-color-background-color has-background-dim-40 has-background-dim\"><\/span><img fetchpriority=\"high\" decoding=\"async\" width=\"1600\" height=\"900\" class=\"wp-block-cover__image-background wp-image-261\" alt=\"\" src=\"https:\/\/itecomgps.com\/wp\/wp-content\/uploads\/2023\/10\/FONDO_.png\" data-object-fit=\"cover\" srcset=\"https:\/\/itecomgps.com\/wp-content\/uploads\/2023\/10\/FONDO_.png 1600w, https:\/\/itecomgps.com\/wp-content\/uploads\/2023\/10\/FONDO_-300x169.png 300w, https:\/\/itecomgps.com\/wp-content\/uploads\/2023\/10\/FONDO_-1024x576.png 1024w, https:\/\/itecomgps.com\/wp-content\/uploads\/2023\/10\/FONDO_-768x432.png 768w, https:\/\/itecomgps.com\/wp-content\/uploads\/2023\/10\/FONDO_-1536x864.png 1536w\" sizes=\"(max-width: 1600px) 100vw, 1600px\" \/><div class=\"wp-block-cover__inner-container is-layout-flow wp-block-cover-is-layout-flow\">\n<div class=\"wp-block-group\"><div class=\"wp-block-group__inner-container is-layout-flow wp-block-group-is-layout-flow\">\n<h2 class=\"wp-block-heading has-text-align-center has-text-align-left has-nv-text-dark-bg-color has-text-color\">Somos especialistas en soluciones de rastreo satelital con dispositivos GPS de alta tecnolog\u00eda.<\/h2>\n<\/div><\/div>\n<\/div><\/div>\n\n\n\n<div class=\"wp-block-cover alignfull\" style=\"min-height:600px;aspect-ratio:unset;\"><span aria-hidden=\"true\" class=\"wp-block-cover__background has-nv-site-bg-background-color has-background-dim-100 has-background-dim\"><\/span><div class=\"wp-block-cover__inner-container is-layout-flow wp-block-cover-is-layout-flow\">\n<div class=\"wp-block-group\"><div class=\"wp-block-group__inner-container is-layout-flow wp-block-group-is-layout-flow\">\n<div style=\"height:80px\" aria-hidden=\"true\" class=\"wp-block-spacer\"><\/div>\n\n\n\n<div class=\"wp-block-columns are-vertically-aligned-center is-layout-flex wp-container-core-columns-is-layout-9d6595d7 wp-block-columns-is-layout-flex\">\n<div class=\"wp-block-column is-vertically-aligned-center is-layout-flow wp-block-column-is-layout-flow\" style=\"flex-basis:50%\">\n<figure class=\"wp-block-gallery has-nested-images columns-default is-cropped wp-block-gallery-1 is-layout-flex wp-block-gallery-is-layout-flex\">\n<figure class=\"wp-block-image size-large is-style-default\"><img decoding=\"async\" width=\"1920\" height=\"1080\" data-id=\"65\" src=\"https:\/\/itecomgps.com\/wp\/wp-content\/uploads\/2023\/07\/6-1024x576.jpg\" alt=\"\" class=\"wp-image-65\" srcset=\"https:\/\/itecomgps.com\/wp-content\/uploads\/2023\/07\/6-1024x576.jpg 1024w, https:\/\/itecomgps.com\/wp-content\/uploads\/2023\/07\/6-300x169.jpg 300w, https:\/\/itecomgps.com\/wp-content\/uploads\/2023\/07\/6-768x432.jpg 768w, https:\/\/itecomgps.com\/wp-content\/uploads\/2023\/07\/6-1536x864.jpg 1536w, https:\/\/itecomgps.com\/wp-content\/uploads\/2023\/07\/6.jpg 1920w\" sizes=\"(max-width: 1920px) 100vw, 1920px\" \/><\/figure>\n<\/figure>\n<\/div>\n\n\n\n<div class=\"wp-block-column is-vertically-aligned-center is-layout-flow wp-block-column-is-layout-flow\" style=\"flex-basis:50%\">\n<h2 class=\"wp-block-heading has-neve-text-color-color has-text-color\">El aliado ideal para el rastreo satelital de su compa\u00f1\u00eda.<\/h2>\n\n\n\n<p class=\"has-neve-text-color-color has-text-color\">Entendemos la importancia de medir y controlar diferentes par\u00e1metros que pueden ser muy importantes para la compa\u00f1\u00eda, por lo que nuestro compromiso es apoyar y otorgar la mejor soluci\u00f3n a cada uno de nuestros clientes.<\/p>\n<\/div>\n<\/div>\n\n\n\n<div style=\"height:40px\" aria-hidden=\"true\" class=\"wp-block-spacer\"><\/div>\n<\/div><\/div>\n<\/div><\/div>\n\n\n\n<div class=\"wp-block-cover alignfull\" style=\"min-height:600px;aspect-ratio:unset;\"><span aria-hidden=\"true\" class=\"wp-block-cover__background has-nv-dark-bg-background-color has-background-dim-100 has-background-dim\"><\/span><div class=\"wp-block-cover__inner-container is-layout-flow wp-block-cover-is-layout-flow\">\n<div class=\"wp-block-group\"><div class=\"wp-block-group__inner-container is-layout-flow wp-block-group-is-layout-flow\">\n<div style=\"height:80px\" aria-hidden=\"true\" class=\"wp-block-spacer\"><\/div>\n\n\n\n<div class=\"wp-block-columns are-vertically-aligned-center is-layout-flex wp-container-core-columns-is-layout-9d6595d7 wp-block-columns-is-layout-flex\">\n<div class=\"wp-block-column is-vertically-aligned-center is-layout-flow wp-block-column-is-layout-flow\" style=\"flex-basis:50%\">\n<h2 class=\"wp-block-heading has-nv-text-dark-bg-color has-text-color\">Mejore su rastreo satelital con nuestros servicios.<\/h2>\n\n\n\n<p class=\"has-nv-text-dark-bg-color has-text-color\">ITECOM <strong>GPS<\/strong> es la mejor opci\u00f3n de rastreo, con tecnolog\u00eda de vanguardia, monitoreo en tiempo real y un equipo experto para proteger tu flota y aumentar la eficiencia de tu negocio.<\/p>\n\n\n\n<div style=\"height:20px\" aria-hidden=\"true\" class=\"wp-block-spacer\"><\/div>\n\n\n\n<div class=\"wp-block-buttons is-layout-flex wp-block-buttons-is-layout-flex\">\n<div class=\"wp-block-button is-style-primary\"><a class=\"wp-block-button__link wp-element-button\" href=\"https:\/\/itecomgps.com\/?page_id=8\">CONT\u00c1CTANOS<\/a><\/div>\n<\/div>\n\n\n\n<div style=\"height:20px\" aria-hidden=\"true\" class=\"wp-block-spacer\"><\/div>\n<\/div>\n\n\n\n<div class=\"wp-block-column is-vertically-aligned-center is-layout-flow wp-block-column-is-layout-flow\" style=\"flex-basis:50%\">\n<figure class=\"wp-block-image size-large\"><img decoding=\"async\" width=\"1024\" height=\"683\" src=\"https:\/\/itecomgps.com\/wp\/wp-content\/uploads\/2023\/07\/ITECOM-1024x683.jpg\" alt=\"\" class=\"wp-image-61\" srcset=\"https:\/\/itecomgps.com\/wp-content\/uploads\/2023\/07\/ITECOM-1024x683.jpg 1024w, https:\/\/itecomgps.com\/wp-content\/uploads\/2023\/07\/ITECOM-300x200.jpg 300w, https:\/\/itecomgps.com\/wp-content\/uploads\/2023\/07\/ITECOM-768x512.jpg 768w, https:\/\/itecomgps.com\/wp-content\/uploads\/2023\/07\/ITECOM-1536x1024.jpg 1536w, https:\/\/itecomgps.com\/wp-content\/uploads\/2023\/07\/ITECOM-2048x1365.jpg 2048w, https:\/\/itecomgps.com\/wp-content\/uploads\/2023\/07\/ITECOM-930x620.jpg 930w\" sizes=\"(max-width: 1024px) 100vw, 1024px\" \/><\/figure>\n<\/div>\n<\/div>\n\n\n\n<div style=\"height:40px\" aria-hidden=\"true\" class=\"wp-block-spacer\"><\/div>\n<\/div><\/div>\n<\/div><\/div>\n\n\n\n<h3 class=\"wp-block-heading has-text-align-center has-nv-site-bg-color has-text-color\">\u00bfPor qu\u00e9 es importante el rastreo satelital para la industria del transporte?<\/h3>\n\n\n\n<div class=\"wp-block-cover alignfull\" style=\"min-height:420px;aspect-ratio:unset;\"><span aria-hidden=\"true\" class=\"wp-block-cover__background has-nv-site-bg-background-color has-background-dim-100 has-background-dim\"><\/span><div class=\"wp-block-cover__inner-container is-layout-flow wp-block-cover-is-layout-flow\">\n<div style=\"height:0px\" aria-hidden=\"true\" class=\"wp-block-spacer\"><\/div>\n\n\n\n<div class=\"wp-block-columns is-layout-flex wp-container-core-columns-is-layout-9d6595d7 wp-block-columns-is-layout-flex\">\n<div class=\"wp-block-column ticss-4ce656f1 is-layout-flow wp-block-column-is-layout-flow\">\n<figure class=\"wp-block-image is-resized icon-style is-style-rounded\"><img decoding=\"async\" src=\"https:\/\/itecomgps.com\/wp\/wp-content\/themes\/neve\/assets\/img\/starter-content\/icon-03.svg\" alt=\"\"\/><\/figure>\n\n\n\n<h3 class=\"wp-block-heading has-text-align-left has-text-align-center has-neve-text-color-color has-text-color\">Seguridad en el Camino<\/h3>\n\n\n\n<p class=\"has-text-align-left has-neve-text-color-color has-text-color\" style=\"font-size:15px\">El rastreo satelital permite a las empresas de transporte conocer en todo momento la ubicaci\u00f3n de sus veh\u00edculos, lo que ayuda a prevenir robos y aumenta la seguridad de los conductores y la carga.<\/p>\n\n\n\n<div style=\"height:20px\" aria-hidden=\"true\" class=\"wp-block-spacer\"><\/div>\n<\/div>\n\n\n\n<div class=\"wp-block-column ticss-f6fc7494 is-layout-flow wp-block-column-is-layout-flow\">\n<figure class=\"wp-block-image is-resized icon-style is-style-rounded\"><img decoding=\"async\" src=\"https:\/\/itecomgps.com\/wp\/wp-content\/themes\/neve\/assets\/img\/starter-content\/icon-03.svg\" alt=\"\"\/><\/figure>\n\n\n\n<h3 class=\"wp-block-heading has-text-align-left has-text-align-center has-neve-text-color-color has-text-color\">Mayor Eficiencia<\/h3>\n\n\n\n<p class=\"has-text-align-left has-neve-text-color-color has-text-color\" style=\"font-size:15px\">Al conocer la ubicaci\u00f3n exacta de los veh\u00edculos, las empresas de transporte pueden optimizar sus rutas y tiempos de entrega, lo que les permite ser m\u00e1s eficientes y reducir los costos de transporte.<\/p>\n\n\n\n<div style=\"height:20px\" aria-hidden=\"true\" class=\"wp-block-spacer\"><\/div>\n<\/div>\n\n\n\n<div class=\"wp-block-column ticss-a5b4df29 is-layout-flow wp-block-column-is-layout-flow\">\n<figure class=\"wp-block-image is-resized icon-style is-style-rounded\"><img decoding=\"async\" src=\"https:\/\/itecomgps.com\/wp\/wp-content\/themes\/neve\/assets\/img\/starter-content\/icon-03.svg\" alt=\"\"\/><\/figure>\n\n\n\n<h3 class=\"wp-block-heading has-text-align-left has-text-align-center has-neve-text-color-color has-text-color\">Cumplimiento de Normas<\/h3>\n\n\n\n<p class=\"has-text-align-left has-neve-text-color-color has-text-color\" style=\"font-size:15px\">Algunas regulaciones de la industria del transporte exigen que los veh\u00edculos est\u00e9n equipados con sistemas de rastreo y monitoreo, y el incumplimiento puede resultar en sanciones y multas.<\/p>\n\n\n\n<div style=\"height:20px\" aria-hidden=\"true\" class=\"wp-block-spacer\"><\/div>\n<\/div>\n<\/div>\n<\/div><\/div>\n\n\n\n<div class=\"wp-block-cover alignfull\" style=\"min-height:420px;aspect-ratio:unset;\"><span aria-hidden=\"true\" class=\"wp-block-cover__background has-nv-light-bg-background-color has-background-dim-100 has-background-dim\"><\/span><div class=\"wp-block-cover__inner-container is-layout-flow wp-block-cover-is-layout-flow\">\n<div class=\"wp-block-columns is-layout-flex wp-container-core-columns-is-layout-9d6595d7 wp-block-columns-is-layout-flex\">\n<div class=\"wp-block-column ticss-4ce656f1 is-layout-flow wp-block-column-is-layout-flow\">\n<figure class=\"wp-block-image is-resized icon-style is-style-rounded\"><img decoding=\"async\" src=\"https:\/\/itecomgps.com\/wp\/wp-content\/themes\/neve\/assets\/img\/starter-content\/icon-03.svg\" alt=\"\"\/><\/figure>\n\n\n\n<h3 class=\"wp-block-heading has-text-align-left has-text-align-center has-neve-text-color-color has-text-color\">Un Mejor Servicio<\/h3>\n\n\n\n<p class=\"has-text-align-left has-neve-text-color-color has-text-color\" style=\"font-size:15px\">La capacidad de rastrear los cargamentos permite a las empresas de transporte proporcionar informaci\u00f3n actualizada y precisa sobre el estado de los env\u00edos a sus clientes, lo que mejora la experiencia del cliente.<\/p>\n\n\n\n<div style=\"height:20px\" aria-hidden=\"true\" class=\"wp-block-spacer\"><\/div>\n<\/div>\n\n\n\n<div class=\"wp-block-column ticss-f6fc7494 is-layout-flow wp-block-column-is-layout-flow\">\n<figure class=\"wp-block-image is-resized icon-style is-style-rounded\"><img decoding=\"async\" src=\"https:\/\/itecomgps.com\/wp\/wp-content\/themes\/neve\/assets\/img\/starter-content\/icon-03.svg\" alt=\"\"\/><\/figure>\n\n\n\n<h3 class=\"wp-block-heading has-text-align-left has-text-align-center has-neve-text-color-color has-text-color\">Monitoreo del Conductor<\/h3>\n\n\n\n<p class=\"has-text-align-left has-neve-text-color-color has-text-color\" style=\"font-size:15px\">Podr\u00e1 obtener informaci\u00f3n sobre el comportamiento de los conductores, como la velocidad, lo que puede ayudar a las empresas de transporte a mejorar la seguridad vial y reducir los costos.<\/p>\n\n\n\n<div style=\"height:20px\" aria-hidden=\"true\" class=\"wp-block-spacer\"><\/div>\n<\/div>\n\n\n\n<div class=\"wp-block-column ticss-a5b4df29 is-layout-flow wp-block-column-is-layout-flow\">\n<figure class=\"wp-block-image is-resized icon-style is-style-rounded\"><img decoding=\"async\" src=\"https:\/\/itecomgps.com\/wp\/wp-content\/themes\/neve\/assets\/img\/starter-content\/icon-03.svg\" alt=\"\"\/><\/figure>\n\n\n\n<h3 class=\"wp-block-heading has-text-align-left has-text-align-center has-neve-text-color-color has-text-color\">Reducci\u00f3n de Costos<\/h3>\n\n\n\n<p class=\"has-text-align-left has-neve-text-color-color has-text-color\" style=\"font-size:15px\">La reducci\u00f3n de costos de mantenimiento, combustible y optimizaci\u00f3n de rutas ser\u00e1 posible gracias a la gran cantidad de datos que le podemos proveer a trav\u00e9s de nuestras plataformas.<\/p>\n\n\n\n<div style=\"height:20px\" aria-hidden=\"true\" class=\"wp-block-spacer\"><\/div>\n<\/div>\n<\/div>\n\n\n\n<div style=\"height:30px\" aria-hidden=\"true\" class=\"wp-block-spacer\"><\/div>\n<\/div><\/div>\n\n\n\n<div class=\"wp-block-cover alignfull\" style=\"min-height:600px;aspect-ratio:unset;\"><span aria-hidden=\"true\" class=\"wp-block-cover__background has-nv-dark-bg-background-color has-background-dim-100 has-background-dim\"><\/span><div class=\"wp-block-cover__inner-container is-layout-flow wp-block-cover-is-layout-flow\">\n<div class=\"wp-block-group\"><div class=\"wp-block-group__inner-container is-layout-flow wp-block-group-is-layout-flow\">\n<div style=\"height:80px\" aria-hidden=\"true\" class=\"wp-block-spacer\"><\/div>\n\n\n\n<h3 class=\"wp-block-heading has-text-align-center\">\u00bfQu\u00e9 aplicaciones tienen nuestras soluciones de<br>Rastreo Satelital y dispositivos GPS? <\/h3>\n\n\n\n<div class=\"wp-block-columns is-layout-flex wp-container-core-columns-is-layout-9d6595d7 wp-block-columns-is-layout-flex\">\n<div class=\"wp-block-column is-layout-flow wp-block-column-is-layout-flow\">\n<div class=\"wp-block-cover aligncenter\"><span aria-hidden=\"true\" class=\"wp-block-cover__background has-background-dim\"><\/span><img loading=\"lazy\" decoding=\"async\" width=\"1707\" height=\"2560\" class=\"wp-block-cover__image-background wp-image-71\" alt=\"\" src=\"https:\/\/itecomgps.com\/wp\/wp-content\/uploads\/2023\/07\/caleb-ruiter-EmEQ6kK_5P0-unsplash-scaled.jpg\" data-object-fit=\"cover\" srcset=\"https:\/\/itecomgps.com\/wp-content\/uploads\/2023\/07\/caleb-ruiter-EmEQ6kK_5P0-unsplash-scaled.jpg 1707w, https:\/\/itecomgps.com\/wp-content\/uploads\/2023\/07\/caleb-ruiter-EmEQ6kK_5P0-unsplash-200x300.jpg 200w, https:\/\/itecomgps.com\/wp-content\/uploads\/2023\/07\/caleb-ruiter-EmEQ6kK_5P0-unsplash-683x1024.jpg 683w, https:\/\/itecomgps.com\/wp-content\/uploads\/2023\/07\/caleb-ruiter-EmEQ6kK_5P0-unsplash-768x1151.jpg 768w, https:\/\/itecomgps.com\/wp-content\/uploads\/2023\/07\/caleb-ruiter-EmEQ6kK_5P0-unsplash-1024x1536.jpg 1024w, https:\/\/itecomgps.com\/wp-content\/uploads\/2023\/07\/caleb-ruiter-EmEQ6kK_5P0-unsplash-1366x2048.jpg 1366w\" sizes=\"(max-width: 1707px) 100vw, 1707px\" \/><div class=\"wp-block-cover__inner-container is-layout-flow wp-block-cover-is-layout-flow\">\n<p class=\"has-text-align-center\" style=\"font-size:15px;letter-spacing:5px\"><strong>TRANSPORTISTAS<\/strong><\/p>\n<\/div><\/div>\n\n\n\n<div style=\"height:40px\" aria-hidden=\"true\" class=\"wp-block-spacer\"><\/div>\n<\/div>\n\n\n\n<div class=\"wp-block-column is-layout-flow wp-block-column-is-layout-flow\">\n<div class=\"wp-block-cover aligncenter\"><span aria-hidden=\"true\" class=\"wp-block-cover__background has-background-dim\"><\/span><img loading=\"lazy\" decoding=\"async\" width=\"1707\" height=\"2560\" class=\"wp-block-cover__image-background wp-image-72\" alt=\"\" src=\"https:\/\/itecomgps.com\/wp\/wp-content\/uploads\/2023\/07\/zhenyu-luo-Zp5uth4v7yY-unsplash-scaled.jpg\" data-object-fit=\"cover\" srcset=\"https:\/\/itecomgps.com\/wp-content\/uploads\/2023\/07\/zhenyu-luo-Zp5uth4v7yY-unsplash-scaled.jpg 1707w, https:\/\/itecomgps.com\/wp-content\/uploads\/2023\/07\/zhenyu-luo-Zp5uth4v7yY-unsplash-200x300.jpg 200w, https:\/\/itecomgps.com\/wp-content\/uploads\/2023\/07\/zhenyu-luo-Zp5uth4v7yY-unsplash-683x1024.jpg 683w, https:\/\/itecomgps.com\/wp-content\/uploads\/2023\/07\/zhenyu-luo-Zp5uth4v7yY-unsplash-768x1152.jpg 768w, https:\/\/itecomgps.com\/wp-content\/uploads\/2023\/07\/zhenyu-luo-Zp5uth4v7yY-unsplash-1024x1536.jpg 1024w, https:\/\/itecomgps.com\/wp-content\/uploads\/2023\/07\/zhenyu-luo-Zp5uth4v7yY-unsplash-1365x2048.jpg 1365w\" sizes=\"(max-width: 1707px) 100vw, 1707px\" \/><div class=\"wp-block-cover__inner-container is-layout-flow wp-block-cover-is-layout-flow\">\n<p class=\"has-text-align-center\" style=\"font-size:15px;letter-spacing:5px\"><strong>DUE\u00d1OS DE CARGA<\/strong><\/p>\n<\/div><\/div>\n\n\n\n<div style=\"height:40px\" aria-hidden=\"true\" class=\"wp-block-spacer\"><\/div>\n<\/div>\n\n\n\n<div class=\"wp-block-column is-layout-flow wp-block-column-is-layout-flow\">\n<div class=\"wp-block-cover aligncenter is-light\"><span aria-hidden=\"true\" class=\"wp-block-cover__background has-background-dim\"><\/span><img loading=\"lazy\" decoding=\"async\" width=\"2560\" height=\"1709\" class=\"wp-block-cover__image-background wp-image-73\" alt=\"\" src=\"https:\/\/itecomgps.com\/wp\/wp-content\/uploads\/2023\/07\/brian-stalter-arotxe540N4-unsplash-scaled.jpg\" data-object-fit=\"cover\" srcset=\"https:\/\/itecomgps.com\/wp-content\/uploads\/2023\/07\/brian-stalter-arotxe540N4-unsplash-scaled.jpg 2560w, https:\/\/itecomgps.com\/wp-content\/uploads\/2023\/07\/brian-stalter-arotxe540N4-unsplash-300x200.jpg 300w, https:\/\/itecomgps.com\/wp-content\/uploads\/2023\/07\/brian-stalter-arotxe540N4-unsplash-1024x683.jpg 1024w, https:\/\/itecomgps.com\/wp-content\/uploads\/2023\/07\/brian-stalter-arotxe540N4-unsplash-768x513.jpg 768w, https:\/\/itecomgps.com\/wp-content\/uploads\/2023\/07\/brian-stalter-arotxe540N4-unsplash-1536x1025.jpg 1536w, https:\/\/itecomgps.com\/wp-content\/uploads\/2023\/07\/brian-stalter-arotxe540N4-unsplash-2048x1367.jpg 2048w, https:\/\/itecomgps.com\/wp-content\/uploads\/2023\/07\/brian-stalter-arotxe540N4-unsplash-930x620.jpg 930w\" sizes=\"(max-width: 2560px) 100vw, 2560px\" \/><div class=\"wp-block-cover__inner-container is-layout-flow wp-block-cover-is-layout-flow\">\n<p class=\"has-text-align-center has-nv-site-bg-color has-text-color\" style=\"font-size:15px;letter-spacing:5px\"><strong>FLOTILLAS<\/strong><\/p>\n<\/div><\/div>\n\n\n\n<div style=\"height:40px\" aria-hidden=\"true\" class=\"wp-block-spacer\"><\/div>\n<\/div>\n<\/div>\n\n\n\n<div class=\"wp-block-columns is-layout-flex wp-container-core-columns-is-layout-9d6595d7 wp-block-columns-is-layout-flex\">\n<div class=\"wp-block-column is-layout-flow wp-block-column-is-layout-flow\">\n<div class=\"wp-block-cover aligncenter\"><span aria-hidden=\"true\" class=\"wp-block-cover__background has-background-dim\"><\/span><img loading=\"lazy\" decoding=\"async\" width=\"2560\" height=\"1703\" class=\"wp-block-cover__image-background wp-image-74\" alt=\"\" src=\"https:\/\/itecomgps.com\/wp\/wp-content\/uploads\/2023\/07\/gerold-hinzen-WoZs8gGyQBY-unsplash-scaled.jpg\" data-object-fit=\"cover\" srcset=\"https:\/\/itecomgps.com\/wp-content\/uploads\/2023\/07\/gerold-hinzen-WoZs8gGyQBY-unsplash-scaled.jpg 2560w, https:\/\/itecomgps.com\/wp-content\/uploads\/2023\/07\/gerold-hinzen-WoZs8gGyQBY-unsplash-300x200.jpg 300w, https:\/\/itecomgps.com\/wp-content\/uploads\/2023\/07\/gerold-hinzen-WoZs8gGyQBY-unsplash-1024x681.jpg 1024w, https:\/\/itecomgps.com\/wp-content\/uploads\/2023\/07\/gerold-hinzen-WoZs8gGyQBY-unsplash-768x511.jpg 768w, https:\/\/itecomgps.com\/wp-content\/uploads\/2023\/07\/gerold-hinzen-WoZs8gGyQBY-unsplash-1536x1022.jpg 1536w, https:\/\/itecomgps.com\/wp-content\/uploads\/2023\/07\/gerold-hinzen-WoZs8gGyQBY-unsplash-2048x1363.jpg 2048w, https:\/\/itecomgps.com\/wp-content\/uploads\/2023\/07\/gerold-hinzen-WoZs8gGyQBY-unsplash-930x620.jpg 930w\" sizes=\"(max-width: 2560px) 100vw, 2560px\" \/><div class=\"wp-block-cover__inner-container is-layout-flow wp-block-cover-is-layout-flow\">\n<p class=\"has-text-align-center\" style=\"font-size:15px;letter-spacing:5px\"><strong>MAQUINARIA<br>PESADA<\/strong><\/p>\n<\/div><\/div>\n\n\n\n<div style=\"height:40px\" aria-hidden=\"true\" class=\"wp-block-spacer\"><\/div>\n<\/div>\n\n\n\n<div class=\"wp-block-column is-layout-flow wp-block-column-is-layout-flow\">\n<div class=\"wp-block-cover aligncenter\"><span aria-hidden=\"true\" class=\"wp-block-cover__background has-background-dim\"><\/span><img loading=\"lazy\" decoding=\"async\" width=\"2048\" height=\"2560\" class=\"wp-block-cover__image-background wp-image-75\" alt=\"\" src=\"https:\/\/itecomgps.com\/wp\/wp-content\/uploads\/2023\/07\/josh-luckey-NMkubwcabYI-unsplash-scaled.jpg\" data-object-fit=\"cover\" srcset=\"https:\/\/itecomgps.com\/wp-content\/uploads\/2023\/07\/josh-luckey-NMkubwcabYI-unsplash-scaled.jpg 2048w, https:\/\/itecomgps.com\/wp-content\/uploads\/2023\/07\/josh-luckey-NMkubwcabYI-unsplash-240x300.jpg 240w, https:\/\/itecomgps.com\/wp-content\/uploads\/2023\/07\/josh-luckey-NMkubwcabYI-unsplash-819x1024.jpg 819w, https:\/\/itecomgps.com\/wp-content\/uploads\/2023\/07\/josh-luckey-NMkubwcabYI-unsplash-768x960.jpg 768w, https:\/\/itecomgps.com\/wp-content\/uploads\/2023\/07\/josh-luckey-NMkubwcabYI-unsplash-1229x1536.jpg 1229w, https:\/\/itecomgps.com\/wp-content\/uploads\/2023\/07\/josh-luckey-NMkubwcabYI-unsplash-1638x2048.jpg 1638w\" sizes=\"(max-width: 2048px) 100vw, 2048px\" \/><div class=\"wp-block-cover__inner-container is-layout-flow wp-block-cover-is-layout-flow\">\n<p class=\"has-text-align-center\" style=\"font-size:15px;letter-spacing:5px\"><strong>VEHICULO PERSONAL<\/strong><\/p>\n<\/div><\/div>\n\n\n\n<div style=\"height:40px\" aria-hidden=\"true\" class=\"wp-block-spacer\"><\/div>\n<\/div>\n<\/div>\n\n\n\n<div style=\"height:40px\" aria-hidden=\"true\" class=\"wp-block-spacer\"><\/div>\n<\/div><\/div>\n<\/div><\/div>\n","protected":false},"excerpt":{"rendered":"<p>\u00bfPor qu\u00e9 es importante el rastreo satelital para la industria del transporte?<\/p>\n","protected":false},"author":1,"featured_media":0,"parent":0,"menu_order":0,"comment_status":"closed","ping_status":"closed","template":"","meta":{"neve_meta_sidebar":"","neve_meta_container":"","neve_meta_enable_content_width":"on","neve_meta_content_width":100,"neve_meta_title_alignment":"","neve_meta_author_avatar":"","neve_post_elements_order":"","neve_meta_disable_header":"","neve_meta_disable_footer":"","neve_meta_disable_title":"on","footnotes":""},"class_list":["post-7","page","type-page","status-publish","hentry"],"_links":{"self":[{"href":"https:\/\/itecomgps.com\/index.php?rest_route=\/wp\/v2\/pages\/7","targetHints":{"allow":["GET"]}}],"collection":[{"href":"https:\/\/itecomgps.com\/index.php?rest_route=\/wp\/v2\/pages"}],"about":[{"href":"https:\/\/itecomgps.com\/index.php?rest_route=\/wp\/v2\/types\/page"}],"author":[{"embeddable":true,"href":"https:\/\/itecomgps.com\/index.php?rest_route=\/wp\/v2\/users\/1"}],"replies":[{"embeddable":true,"href":"https:\/\/itecomgps.com\/index.php?rest_route=%2Fwp%2Fv2%2Fcomments&post=7"}],"version-history":[{"count":14,"href":"https:\/\/itecomgps.com\/index.php?rest_route=\/wp\/v2\/pages\/7\/revisions"}],"predecessor-version":[{"id":627,"href":"https:\/\/itecomgps.com\/index.php?rest_route=\/wp\/v2\/pages\/7\/revisions\/627"}],"wp:attachment":[{"href":"https:\/\/itecomgps.com\/index.php?rest_route=%2Fwp%2Fv2%2Fmedia&parent=7"}],"curies":[{"name":"wp","href":"https:\/\/api.w.org\/{rel}","templated":true}]}}