{"id":681,"date":"2026-02-17T21:11:47","date_gmt":"2026-02-17T21:11:47","guid":{"rendered":"https:\/\/itecomgps.com\/?page_id=681"},"modified":"2026-02-24T21:43:51","modified_gmt":"2026-02-24T21:43:51","slug":"videovigilancia","status":"publish","type":"page","link":"https:\/\/itecomgps.com\/?page_id=681","title":{"rendered":"Videovigilancia"},"content":{"rendered":"\t\t<div data-elementor-type=\"wp-page\" data-elementor-id=\"681\" class=\"elementor elementor-681\">\n\t\t\t\t<div class=\"elementor-element elementor-element-e34bce9 e-flex e-con-boxed e-con e-parent\" data-id=\"e34bce9\" data-element_type=\"container\" data-e-type=\"container\" data-settings=\"{&quot;background_background&quot;:&quot;video&quot;,&quot;background_video_link&quot;:&quot;https:\\\/\\\/www.pexels.com\\\/es-es\\\/download\\\/video\\\/5750805\\\/&quot;}\">\n\t\t\t\t\t<div class=\"e-con-inner\">\n\t\t<div class=\"elementor-background-video-container elementor-hidden-mobile\">\n\t\t\t\t\t\t\t<video class=\"elementor-background-video-hosted\" role=\"presentation\" autoplay muted playsinline loop><\/video>\n\t\t\t\t\t<\/div><div class=\"elementor-element elementor-element-e30d738 e-con-full e-transform e-flex e-con e-child\" data-id=\"e30d738\" data-element_type=\"container\" data-e-type=\"container\" data-settings=\"{&quot;_transform_scale_effect_hover&quot;:{&quot;unit&quot;:&quot;px&quot;,&quot;size&quot;:1.1,&quot;sizes&quot;:[]},&quot;_transform_scale_effect_hover_tablet&quot;:{&quot;unit&quot;:&quot;px&quot;,&quot;size&quot;:&quot;&quot;,&quot;sizes&quot;:[]},&quot;_transform_scale_effect_hover_mobile&quot;:{&quot;unit&quot;:&quot;px&quot;,&quot;size&quot;:&quot;&quot;,&quot;sizes&quot;:[]}}\">\n\t\t<div class=\"elementor-element elementor-element-5122891 e-con-full e-flex e-con e-child\" data-id=\"5122891\" data-element_type=\"container\" data-e-type=\"container\">\n\t\t\t\t<div class=\"elementor-element elementor-element-9493ef1 elementor-widget elementor-widget-spacer\" data-id=\"9493ef1\" data-element_type=\"widget\" data-e-type=\"widget\" data-widget_type=\"spacer.default\">\n\t\t\t\t<div class=\"elementor-widget-container\">\n\t\t\t\t\t\t\t<div class=\"elementor-spacer\">\n\t\t\t<div class=\"elementor-spacer-inner\"><\/div>\n\t\t<\/div>\n\t\t\t\t\t\t<\/div>\n\t\t\t\t<\/div>\n\t\t\t\t<\/div>\n\t\t\t\t<div class=\"elementor-element elementor-element-170e8ad e-transform elementor-widget elementor-widget-heading\" data-id=\"170e8ad\" data-element_type=\"widget\" data-e-type=\"widget\" data-settings=\"{&quot;_transform_translateX_effect_hover&quot;:{&quot;unit&quot;:&quot;px&quot;,&quot;size&quot;:-73,&quot;sizes&quot;:[]},&quot;_transform_translateY_effect_hover&quot;:{&quot;unit&quot;:&quot;px&quot;,&quot;size&quot;:0,&quot;sizes&quot;:[]},&quot;_transform_translateX_effect_hover_tablet&quot;:{&quot;unit&quot;:&quot;px&quot;,&quot;size&quot;:&quot;&quot;,&quot;sizes&quot;:[]},&quot;_transform_translateX_effect_hover_mobile&quot;:{&quot;unit&quot;:&quot;px&quot;,&quot;size&quot;:&quot;&quot;,&quot;sizes&quot;:[]},&quot;_transform_translateY_effect_hover_tablet&quot;:{&quot;unit&quot;:&quot;px&quot;,&quot;size&quot;:&quot;&quot;,&quot;sizes&quot;:[]},&quot;_transform_translateY_effect_hover_mobile&quot;:{&quot;unit&quot;:&quot;px&quot;,&quot;size&quot;:&quot;&quot;,&quot;sizes&quot;:[]}}\" data-widget_type=\"heading.default\">\n\t\t\t\t<div class=\"elementor-widget-container\">\n\t\t\t\t\t<h2 class=\"elementor-heading-title elementor-size-default\">Videovigilancia Telem\u00e1tica<\/h2>\t\t\t\t<\/div>\n\t\t\t\t<\/div>\n\t\t\t\t<div class=\"elementor-element elementor-element-2f33c5f elementor-widget elementor-widget-heading\" data-id=\"2f33c5f\" data-element_type=\"widget\" data-e-type=\"widget\" data-widget_type=\"heading.default\">\n\t\t\t\t<div class=\"elementor-widget-container\">\n\t\t\t\t\t<p class=\"elementor-heading-title elementor-size-default\">Planea nuevas estrategias para tu negocio, mientras todo pasa ante tus ojos y toma decisiones importantes en los momentos clave. Al mismo tiempo, obt\u00e9n evidencias que te ayuden a aclarar los malos h\u00e1bitos.\n<\/p>\t\t\t\t<\/div>\n\t\t\t\t<\/div>\n\t\t\t\t<\/div>\n\t\t<div class=\"elementor-element elementor-element-b256b7b e-flex e-con-boxed e-con e-child\" data-id=\"b256b7b\" data-element_type=\"container\" data-e-type=\"container\">\n\t\t\t\t\t<div class=\"e-con-inner\">\n\t\t\t\t<div class=\"elementor-element elementor-element-b596050 e-transform e-transform elementor-widget elementor-widget-image\" data-id=\"b596050\" data-element_type=\"widget\" data-e-type=\"widget\" data-settings=\"{&quot;_transform_rotateZ_effect_hover&quot;:{&quot;unit&quot;:&quot;px&quot;,&quot;size&quot;:69,&quot;sizes&quot;:[]},&quot;_transform_scale_effect_hover&quot;:{&quot;unit&quot;:&quot;px&quot;,&quot;size&quot;:0.9,&quot;sizes&quot;:[]},&quot;_transform_rotateZ_effect_hover_tablet&quot;:{&quot;unit&quot;:&quot;deg&quot;,&quot;size&quot;:&quot;&quot;,&quot;sizes&quot;:[]},&quot;_transform_rotateZ_effect_hover_mobile&quot;:{&quot;unit&quot;:&quot;deg&quot;,&quot;size&quot;:&quot;&quot;,&quot;sizes&quot;:[]},&quot;_transform_scale_effect_hover_tablet&quot;:{&quot;unit&quot;:&quot;px&quot;,&quot;size&quot;:&quot;&quot;,&quot;sizes&quot;:[]},&quot;_transform_scale_effect_hover_mobile&quot;:{&quot;unit&quot;:&quot;px&quot;,&quot;size&quot;:&quot;&quot;,&quot;sizes&quot;:[]}}\" data-widget_type=\"image.default\">\n\t\t\t\t<div class=\"elementor-widget-container\">\n\t\t\t\t\t\t\t\t\t\t\t\t\t\t\t<img fetchpriority=\"high\" decoding=\"async\" width=\"1024\" height=\"1024\" src=\"https:\/\/itecomgps.com\/wp-content\/uploads\/2023\/10\/mini-1-1024x1024.png\" class=\"attachment-large size-large wp-image-149\" alt=\"\" srcset=\"https:\/\/itecomgps.com\/wp-content\/uploads\/2023\/10\/mini-1-1024x1024.png 1024w, https:\/\/itecomgps.com\/wp-content\/uploads\/2023\/10\/mini-1-300x300.png 300w, https:\/\/itecomgps.com\/wp-content\/uploads\/2023\/10\/mini-1-150x150.png 150w, https:\/\/itecomgps.com\/wp-content\/uploads\/2023\/10\/mini-1-768x768.png 768w, https:\/\/itecomgps.com\/wp-content\/uploads\/2023\/10\/mini-1.png 1080w\" sizes=\"(max-width: 1024px) 100vw, 1024px\" \/>\t\t\t\t\t\t\t\t\t\t\t\t\t\t\t<\/div>\n\t\t\t\t<\/div>\n\t\t\t\t\t<\/div>\n\t\t\t\t<\/div>\n\t\t\t\t\t<\/div>\n\t\t\t\t<\/div>\n\t\t<div class=\"elementor-element elementor-element-d6f2189 e-flex e-con-boxed e-con e-parent\" data-id=\"d6f2189\" data-element_type=\"container\" data-e-type=\"container\" data-settings=\"{&quot;background_background&quot;:&quot;classic&quot;}\">\n\t\t\t\t\t<div class=\"e-con-inner\">\n\t\t\t\t<div class=\"elementor-element elementor-element-54aecbc elementor-widget elementor-widget-heading\" data-id=\"54aecbc\" data-element_type=\"widget\" data-e-type=\"widget\" data-widget_type=\"heading.default\">\n\t\t\t\t<div class=\"elementor-widget-container\">\n\t\t\t\t\t<h2 class=\"elementor-heading-title elementor-size-default\">Algoritmos de IA Visual<\/h2>\t\t\t\t<\/div>\n\t\t\t\t<\/div>\n\t\t\t\t\t<\/div>\n\t\t\t\t<\/div>\n\t\t<div class=\"elementor-element elementor-element-a9a6957 e-grid e-con-boxed e-con e-parent\" data-id=\"a9a6957\" data-element_type=\"container\" data-e-type=\"container\" data-settings=\"{&quot;background_background&quot;:&quot;classic&quot;}\">\n\t\t\t\t\t<div class=\"e-con-inner\">\n\t\t\t\t<div class=\"elementor-element elementor-element-ec70390 elementor-widget elementor-widget-text-editor\" data-id=\"ec70390\" data-element_type=\"widget\" data-e-type=\"widget\" data-widget_type=\"text-editor.default\">\n\t\t\t\t<div class=\"elementor-widget-container\">\n\t\t\t\t\t\t\t\t\t<p><span style=\"color: #787878; font-family: Montserrat, sans-serif; font-size: 16px;\">Estos dispositivos utiliza una variedad de algoritmos de inteligencia artificial, como ADAS, DMS, reconocimiento facial y detecci\u00f3n de cintur\u00f3n de seguridad, que ofrecen herramientas para mejorar la seguridad vial, la seguridad del conductor y el cumplimiento de las normas.<\/span><\/p>\t\t\t\t\t\t\t\t<\/div>\n\t\t\t\t<\/div>\n\t\t\t\t<div class=\"elementor-element elementor-element-ed266ee elementor-widget elementor-widget-image\" data-id=\"ed266ee\" data-element_type=\"widget\" data-e-type=\"widget\" data-widget_type=\"image.default\">\n\t\t\t\t<div class=\"elementor-widget-container\">\n\t\t\t\t\t\t\t\t\t\t\t\t\t\t\t<img decoding=\"async\" width=\"768\" height=\"432\" src=\"https:\/\/itecomgps.com\/wp-content\/uploads\/2026\/02\/ADAS.gif\" class=\"attachment-large size-large wp-image-739\" alt=\"\" \/>\t\t\t\t\t\t\t\t\t\t\t\t\t\t\t<\/div>\n\t\t\t\t<\/div>\n\t\t\t\t<div class=\"elementor-element elementor-element-5f5923c elementor-widget elementor-widget-text-editor\" data-id=\"5f5923c\" data-element_type=\"widget\" data-e-type=\"widget\" data-widget_type=\"text-editor.default\">\n\t\t\t\t<div class=\"elementor-widget-container\">\n\t\t\t\t\t\t\t\t\t<p><strong>Grabaci\u00f3n HD de 3 Canales a 1080P<\/strong><\/p><p>Estos dispositivos admiten hasta tres c\u00e1maras 1080P, ofreciendo un monitoreo claro y completo del veh\u00edculo y su entorno.\u00a0<\/p>\t\t\t\t\t\t\t\t<\/div>\n\t\t\t\t<\/div>\n\t\t\t\t<div class=\"elementor-element elementor-element-9926e6b elementor-widget elementor-widget-image\" data-id=\"9926e6b\" data-element_type=\"widget\" data-e-type=\"widget\" data-widget_type=\"image.default\">\n\t\t\t\t<div class=\"elementor-widget-container\">\n\t\t\t\t\t\t\t\t\t\t\t\t\t\t\t<img decoding=\"async\" width=\"636\" height=\"344\" src=\"https:\/\/itecomgps.com\/wp-content\/uploads\/2026\/02\/3-canales.gif\" class=\"attachment-large size-large wp-image-747\" alt=\"\" \/>\t\t\t\t\t\t\t\t\t\t\t\t\t\t\t<\/div>\n\t\t\t\t<\/div>\n\t\t\t\t\t<\/div>\n\t\t\t\t<\/div>\n\t\t<div class=\"elementor-element elementor-element-087f30c e-grid e-con-boxed e-con e-parent\" data-id=\"087f30c\" data-element_type=\"container\" data-e-type=\"container\" data-settings=\"{&quot;background_background&quot;:&quot;classic&quot;}\">\n\t\t\t\t\t<div class=\"e-con-inner\">\n\t\t\t\t<div class=\"elementor-element elementor-element-71de7bf elementor-widget elementor-widget-heading\" data-id=\"71de7bf\" data-element_type=\"widget\" data-e-type=\"widget\" data-widget_type=\"heading.default\">\n\t\t\t\t<div class=\"elementor-widget-container\">\n\t\t\t\t\t<h2 class=\"elementor-heading-title elementor-size-default\">Alertas<\/h2>\t\t\t\t<\/div>\n\t\t\t\t<\/div>\n\t\t\t\t\t<\/div>\n\t\t\t\t<\/div>\n\t\t<div class=\"elementor-element elementor-element-9504f89 e-grid e-con-boxed e-con e-parent\" data-id=\"9504f89\" data-element_type=\"container\" data-e-type=\"container\" data-settings=\"{&quot;background_background&quot;:&quot;classic&quot;}\">\n\t\t\t\t\t<div class=\"e-con-inner\">\n\t\t\t\t<div class=\"elementor-element elementor-element-bdc214c elementor-widget elementor-widget-image\" data-id=\"bdc214c\" data-element_type=\"widget\" data-e-type=\"widget\" data-widget_type=\"image.default\">\n\t\t\t\t<div class=\"elementor-widget-container\">\n\t\t\t\t\t\t\t\t\t\t\t\t\t\t\t<img loading=\"lazy\" decoding=\"async\" width=\"665\" height=\"187\" src=\"https:\/\/itecomgps.com\/wp-content\/uploads\/2026\/02\/ADAS-DMS.gif\" class=\"attachment-medium_large size-medium_large wp-image-746\" alt=\"\" \/>\t\t\t\t\t\t\t\t\t\t\t\t\t\t\t<\/div>\n\t\t\t\t<\/div>\n\t\t\t\t<div class=\"elementor-element elementor-element-85a690c elementor-widget elementor-widget-text-editor\" data-id=\"85a690c\" data-element_type=\"widget\" data-e-type=\"widget\" data-widget_type=\"text-editor.default\">\n\t\t\t\t<div class=\"elementor-widget-container\">\n\t\t\t\t\t\t\t\t\t<p>Graba y sube clips de video o im\u00e1genes fijas de eventos personalizables, como el exceso de velocidad y la activaci\u00f3n del bot\u00f3n SOS.<\/p><p><strong>Otras:<br \/><\/strong>&#8211; Detecci\u00f3n de mala conducci\u00f3n<br \/>&#8211; Conductor distra\u00eddo<br \/>&#8211; Conductor somnoliento<br \/>&#8211; Uso de celular<br \/>&#8211; Cruce de peatones<br \/>&#8211; Peligro de colisi\u00f3n<br \/><em>y 100 tipos de alertas m\u00e1s&#8230;<\/em><\/p>\t\t\t\t\t\t\t\t<\/div>\n\t\t\t\t<\/div>\n\t\t\t\t<div class=\"elementor-element elementor-element-14f7915 elementor-widget elementor-widget-text-editor\" data-id=\"14f7915\" data-element_type=\"widget\" data-e-type=\"widget\" data-widget_type=\"text-editor.default\">\n\t\t\t\t<div class=\"elementor-widget-container\">\n\t\t\t\t\t\t\t\t\t<p><strong>Seguimiento en tiempo real desde plataforma<\/strong><\/p><p>Puedes dar seguimiento en tiempo real desde nuestra plataforma y aplicaci\u00f3n movil.\u00a0<\/p><p>Itecom gps te permite la\u00a0 activaci\u00f3n de alertas en el momento que suceden, recibiendo una notificaci\u00f3n dentro de la aplicaci\u00f3n, as\u00ed como enviando a un correo.<\/p>\t\t\t\t\t\t\t\t<\/div>\n\t\t\t\t<\/div>\n\t\t\t\t<div class=\"elementor-element elementor-element-eaac9dd elementor-widget elementor-widget-image\" data-id=\"eaac9dd\" data-element_type=\"widget\" data-e-type=\"widget\" data-widget_type=\"image.default\">\n\t\t\t\t<div class=\"elementor-widget-container\">\n\t\t\t\t\t\t\t\t\t\t\t\t\t\t\t<img loading=\"lazy\" decoding=\"async\" width=\"636\" height=\"344\" src=\"https:\/\/itecomgps.com\/wp-content\/uploads\/2026\/02\/Reporte-de-choque.gif\" class=\"attachment-large size-large wp-image-767\" alt=\"\" \/>\t\t\t\t\t\t\t\t\t\t\t\t\t\t\t<\/div>\n\t\t\t\t<\/div>\n\t\t\t\t\t<\/div>\n\t\t\t\t<\/div>\n\t\t\t\t<\/div>\n\t\t","protected":false},"excerpt":{"rendered":"<p>Videovigilancia Telem\u00e1tica Planea nuevas estrategias para tu negocio, mientras todo pasa ante tus ojos y toma decisiones importantes en los momentos clave. Al mismo tiempo, obt\u00e9n evidencias que te ayuden a aclarar los malos h\u00e1bitos. Algoritmos de IA Visual Estos dispositivos utiliza una variedad de algoritmos de inteligencia artificial, como ADAS, DMS, reconocimiento facial y&hellip;&nbsp;<a href=\"https:\/\/itecomgps.com\/?page_id=681\" rel=\"bookmark\">Leer m\u00e1s &raquo;<span class=\"screen-reader-text\">Videovigilancia<\/span><\/a><\/p>\n","protected":false},"author":1,"featured_media":0,"parent":0,"menu_order":0,"comment_status":"closed","ping_status":"closed","template":"page-templates\/template-pagebuilder-full-width.php","meta":{"neve_meta_sidebar":"","neve_meta_container":"","neve_meta_enable_content_width":"","neve_meta_content_width":0,"neve_meta_title_alignment":"","neve_meta_author_avatar":"","neve_post_elements_order":"","neve_meta_disable_header":"","neve_meta_disable_footer":"","neve_meta_disable_title":"","footnotes":""},"class_list":["post-681","page","type-page","status-publish","hentry"],"_links":{"self":[{"href":"https:\/\/itecomgps.com\/index.php?rest_route=\/wp\/v2\/pages\/681","targetHints":{"allow":["GET"]}}],"collection":[{"href":"https:\/\/itecomgps.com\/index.php?rest_route=\/wp\/v2\/pages"}],"about":[{"href":"https:\/\/itecomgps.com\/index.php?rest_route=\/wp\/v2\/types\/page"}],"author":[{"embeddable":true,"href":"https:\/\/itecomgps.com\/index.php?rest_route=\/wp\/v2\/users\/1"}],"replies":[{"embeddable":true,"href":"https:\/\/itecomgps.com\/index.php?rest_route=%2Fwp%2Fv2%2Fcomments&post=681"}],"version-history":[{"count":76,"href":"https:\/\/itecomgps.com\/index.php?rest_route=\/wp\/v2\/pages\/681\/revisions"}],"predecessor-version":[{"id":821,"href":"https:\/\/itecomgps.com\/index.php?rest_route=\/wp\/v2\/pages\/681\/revisions\/821"}],"wp:attachment":[{"href":"https:\/\/itecomgps.com\/index.php?rest_route=%2Fwp%2Fv2%2Fmedia&parent=681"}],"curies":[{"name":"wp","href":"https:\/\/api.w.org\/{rel}","templated":true}]}}