{"id":10,"date":"2023-04-05T00:10:02","date_gmt":"2023-04-05T00:10:02","guid":{"rendered":"https:\/\/itecomgps.com\/wp\/?page_id=10"},"modified":"2024-01-04T20:49:31","modified_gmt":"2024-01-04T20:49:31","slug":"detalles-del-proyecto","status":"publish","type":"page","link":"https:\/\/itecomgps.com\/?page_id=10","title":{"rendered":"Aplicaciones"},"content":{"rendered":"\n<div class=\"wp-block-cover alignfull\" style=\"min-height:600px;aspect-ratio:unset;\"><span aria-hidden=\"true\" class=\"wp-block-cover__background has-nv-light-bg-background-color has-background-dim-100 has-background-dim\"><\/span><div class=\"wp-block-cover__inner-container is-layout-flow wp-block-cover-is-layout-flow\">\n<div class=\"wp-block-group\"><div class=\"wp-block-group__inner-container is-layout-flow wp-block-group-is-layout-flow\">\n<div style=\"height:80px\" aria-hidden=\"true\" class=\"wp-block-spacer\"><\/div>\n\n\n\n<div class=\"wp-block-columns is-layout-flex wp-container-core-columns-is-layout-9d6595d7 wp-block-columns-is-layout-flex\">\n<div class=\"wp-block-column is-layout-flow wp-block-column-is-layout-flow\" style=\"flex-basis:66.79%\">\n<figure class=\"wp-block-image size-full\"><img fetchpriority=\"high\" decoding=\"async\" width=\"960\" height=\"495\" src=\"https:\/\/itecomgps.com\/wp-content\/uploads\/2023\/11\/rastreo-satelital-para-el-sector-transportistas.png\" alt=\"\" class=\"wp-image-371\" srcset=\"https:\/\/itecomgps.com\/wp-content\/uploads\/2023\/11\/rastreo-satelital-para-el-sector-transportistas.png 960w, https:\/\/itecomgps.com\/wp-content\/uploads\/2023\/11\/rastreo-satelital-para-el-sector-transportistas-300x155.png 300w, https:\/\/itecomgps.com\/wp-content\/uploads\/2023\/11\/rastreo-satelital-para-el-sector-transportistas-768x396.png 768w\" sizes=\"(max-width: 960px) 100vw, 960px\" \/><\/figure>\n\n\n\n<div style=\"height:40px\" aria-hidden=\"true\" class=\"wp-block-spacer\"><\/div>\n<\/div>\n\n\n\n<div class=\"wp-block-column is-layout-flow wp-block-column-is-layout-flow\" style=\"flex-basis:34%\">\n<h3 class=\"wp-block-heading has-nv-dark-bg-color has-text-color\">Soluciones de rastreo satelital para transportes.<\/h3>\n\n\n\n<div class=\"wp-block-buttons is-layout-flex wp-block-buttons-is-layout-flex\"><\/div>\n\n\n\n<hr class=\"wp-block-separator has-css-opacity is-style-wide\"\/>\n\n\n\n<p class=\"has-neve-text-color-color has-text-color\">En la industria del transporte, la eficiencia es clave para el \u00e9xito. Y el rastreo satelital puede ser una herramienta esencial para lograr una gesti\u00f3n eficiente de tu flota. Con ITECOMGPS, puedes monitorear el rendimiento de tus veh\u00edculos y conductores en tiempo real, lo que te permite hacer ajustes r\u00e1pidos y precisos para maximizar la eficiencia y reducir costos.<\/p>\n<\/div>\n<\/div>\n\n\n\n<div style=\"height:40px\" aria-hidden=\"true\" class=\"wp-block-spacer\"><\/div>\n<\/div><\/div>\n<\/div><\/div>\n\n\n\n<div class=\"wp-block-cover alignfull\" style=\"min-height:600px;aspect-ratio:unset;\"><span aria-hidden=\"true\" class=\"wp-block-cover__background has-nv-dark-bg-background-color has-background-dim-100 has-background-dim\"><\/span><div class=\"wp-block-cover__inner-container is-layout-flow wp-block-cover-is-layout-flow\">\n<div class=\"wp-block-group\"><div class=\"wp-block-group__inner-container is-layout-flow wp-block-group-is-layout-flow\">\n<div style=\"height:80px\" aria-hidden=\"true\" class=\"wp-block-spacer\"><\/div>\n\n\n\n<div class=\"wp-block-columns is-layout-flex wp-container-core-columns-is-layout-9d6595d7 wp-block-columns-is-layout-flex\">\n<div class=\"wp-block-column is-layout-flow wp-block-column-is-layout-flow\" style=\"flex-basis:66.79%\">\n<figure class=\"wp-block-image size-large\"><img decoding=\"async\" width=\"1024\" height=\"699\" src=\"https:\/\/itecomgps.com\/wp-content\/uploads\/2023\/11\/flotilla-utilitaria-vehiculos-1024x699.png\" alt=\"\" class=\"wp-image-372\" srcset=\"https:\/\/itecomgps.com\/wp-content\/uploads\/2023\/11\/flotilla-utilitaria-vehiculos-1024x699.png 1024w, https:\/\/itecomgps.com\/wp-content\/uploads\/2023\/11\/flotilla-utilitaria-vehiculos-300x205.png 300w, https:\/\/itecomgps.com\/wp-content\/uploads\/2023\/11\/flotilla-utilitaria-vehiculos-768x524.png 768w, https:\/\/itecomgps.com\/wp-content\/uploads\/2023\/11\/flotilla-utilitaria-vehiculos.png 1048w\" sizes=\"(max-width: 1024px) 100vw, 1024px\" \/><\/figure>\n\n\n\n<div style=\"height:40px\" aria-hidden=\"true\" class=\"wp-block-spacer\"><\/div>\n<\/div>\n\n\n\n<div class=\"wp-block-column is-layout-flow wp-block-column-is-layout-flow\" style=\"flex-basis:34%\">\n<h3 class=\"wp-block-heading has-nv-site-bg-color has-text-color\">La gesti\u00f3n de sus Flotillas ser\u00e1 m\u00e1s efectiva con rastreo satelital.<\/h3>\n\n\n\n<div class=\"wp-block-buttons is-layout-flex wp-block-buttons-is-layout-flex\"><\/div>\n\n\n\n<hr class=\"wp-block-separator has-css-opacity is-style-wide\"\/>\n\n\n\n<p class=\"has-nv-site-bg-color has-text-color\">El rastreo satelital mejora las flotillas utilitarias al optimizar rutas, monitorear el consumo de combustible, prevenir robos, mejorar la seguridad y eficiencia de los conductores, y reducir los costos de operaci\u00f3n.<\/p>\n<\/div>\n<\/div>\n\n\n\n<div style=\"height:40px\" aria-hidden=\"true\" class=\"wp-block-spacer\"><\/div>\n<\/div><\/div>\n<\/div><\/div>\n\n\n\n<div class=\"wp-block-media-text alignfull has-media-on-the-right is-stacked-on-mobile has-nv-site-bg-background-color has-background\"><div class=\"wp-block-media-text__content\">\n<p class=\"has-nv-dark-bg-color has-text-color has-medium-font-size\"><strong>GPS ideal para Flotillas de Motos<\/strong><\/p>\n\n\n\n<hr class=\"wp-block-separator has-alpha-channel-opacity\"\/>\n\n\n\n<hr class=\"wp-block-separator has-text-color has-nv-site-bg-color has-alpha-channel-opacity has-nv-site-bg-background-color has-background is-style-wide\"\/>\n\n\n\n<p class=\"has-nv-dark-bg-color has-text-color\">El seguimiento en tiempo real, la optimizaci\u00f3n de rutas, alertas contra robos e hist\u00f3rico de recorridos,<br>son algunas de las ventajas que tiene el utilizar sistemas de gesti\u00f3n de flotas de motos por GPS.<\/p>\n<\/div><figure class=\"wp-block-media-text__media\"><img decoding=\"async\" width=\"1024\" height=\"853\" src=\"https:\/\/itecomgps.com\/wp-content\/uploads\/2023\/10\/moto-1024x853.png\" alt=\"\" class=\"wp-image-276 size-full\" srcset=\"https:\/\/itecomgps.com\/wp-content\/uploads\/2023\/10\/moto-1024x853.png 1024w, https:\/\/itecomgps.com\/wp-content\/uploads\/2023\/10\/moto-300x250.png 300w, https:\/\/itecomgps.com\/wp-content\/uploads\/2023\/10\/moto-768x640.png 768w, https:\/\/itecomgps.com\/wp-content\/uploads\/2023\/10\/moto-1536x1280.png 1536w, https:\/\/itecomgps.com\/wp-content\/uploads\/2023\/10\/moto.png 1800w\" sizes=\"(max-width: 1024px) 100vw, 1024px\" \/><\/figure><\/div>\n\n\n\n<div class=\"wp-block-cover alignfull\" style=\"min-height:300px;aspect-ratio:unset;\"><span aria-hidden=\"true\" class=\"wp-block-cover__background has-nv-dark-bg-background-color has-background-dim-100 has-background-dim\"><\/span><div class=\"wp-block-cover__inner-container is-layout-flow wp-block-cover-is-layout-flow\">\n<div style=\"height:140px\" aria-hidden=\"true\" class=\"wp-block-spacer\"><\/div>\n\n\n\n<h2 class=\"wp-block-heading has-text-align-center has-nv-text-dark-bg-color has-text-color\">\u00bfListo para mejorar el rastreo satelital de su compa\u00f1\u00eda?<\/h2>\n\n\n\n<p class=\"has-text-align-center has-medium-font-size\">Llevemos su negocio al siguiente nivel con rastreo satelital.<\/p>\n\n\n\n<div class=\"wp-block-buttons is-content-justification-center is-layout-flex wp-container-core-buttons-is-layout-16018d1d wp-block-buttons-is-layout-flex\">\n<div class=\"wp-block-button is-style-primary\"><a class=\"wp-block-button__link wp-element-button\" href=\"https:\/\/itecomgps.com\/?page_id=8\">CONT\u00c1CTANOS<\/a><\/div>\n<\/div>\n\n\n\n<div style=\"height:140px\" aria-hidden=\"true\" class=\"wp-block-spacer\"><\/div>\n<\/div><\/div>\n","protected":false},"excerpt":{"rendered":"","protected":false},"author":1,"featured_media":0,"parent":0,"menu_order":0,"comment_status":"closed","ping_status":"closed","template":"","meta":{"neve_meta_sidebar":"","neve_meta_container":"","neve_meta_enable_content_width":"on","neve_meta_content_width":100,"neve_meta_title_alignment":"","neve_meta_author_avatar":"","neve_post_elements_order":"","neve_meta_disable_header":"","neve_meta_disable_footer":"","neve_meta_disable_title":"on","footnotes":""},"class_list":["post-10","page","type-page","status-publish","hentry"],"_links":{"self":[{"href":"https:\/\/itecomgps.com\/index.php?rest_route=\/wp\/v2\/pages\/10","targetHints":{"allow":["GET"]}}],"collection":[{"href":"https:\/\/itecomgps.com\/index.php?rest_route=\/wp\/v2\/pages"}],"about":[{"href":"https:\/\/itecomgps.com\/index.php?rest_route=\/wp\/v2\/types\/page"}],"author":[{"embeddable":true,"href":"https:\/\/itecomgps.com\/index.php?rest_route=\/wp\/v2\/users\/1"}],"replies":[{"embeddable":true,"href":"https:\/\/itecomgps.com\/index.php?rest_route=%2Fwp%2Fv2%2Fcomments&post=10"}],"version-history":[{"count":14,"href":"https:\/\/itecomgps.com\/index.php?rest_route=\/wp\/v2\/pages\/10\/revisions"}],"predecessor-version":[{"id":498,"href":"https:\/\/itecomgps.com\/index.php?rest_route=\/wp\/v2\/pages\/10\/revisions\/498"}],"wp:attachment":[{"href":"https:\/\/itecomgps.com\/index.php?rest_route=%2Fwp%2Fv2%2Fmedia&parent=10"}],"curies":[{"name":"wp","href":"https:\/\/api.w.org\/{rel}","templated":true}]}}